{"id":34,"date":"2024-01-23T15:08:23","date_gmt":"2024-01-23T15:08:23","guid":{"rendered":"http:\/\/depodunyasi.com\/?page_id=34"},"modified":"2024-01-30T07:51:01","modified_gmt":"2024-01-30T07:51:01","slug":"iletisim","status":"publish","type":"page","link":"https:\/\/depodunyasi.com\/index.php\/iletisim\/","title":{"rendered":"\u0130leti\u015fim"},"content":{"rendered":"\t\t<div data-elementor-type=\"wp-page\" data-elementor-id=\"34\" class=\"elementor elementor-34\" data-elementor-post-type=\"page\">\n\t\t\t\t\t\t<section class=\"elementor-section elementor-top-section elementor-element elementor-element-b3bb8b5 animated-slow elementor-hidden-mobile elementor-section-boxed elementor-section-height-default elementor-section-height-default elementor-invisible\" data-id=\"b3bb8b5\" data-element_type=\"section\" data-e-type=\"section\" data-settings=\"{&quot;background_background&quot;:&quot;gradient&quot;,&quot;animation&quot;:&quot;slideInRight&quot;}\">\n\t\t\t\t\t\t<div class=\"elementor-container elementor-column-gap-no\">\n\t\t\t\t\t<div class=\"elementor-column elementor-col-100 elementor-top-column elementor-element elementor-element-8516d49\" data-id=\"8516d49\" data-element_type=\"column\" data-e-type=\"column\">\n\t\t\t<div class=\"elementor-widget-wrap elementor-element-populated\">\n\t\t\t\t\t\t<section class=\"elementor-section elementor-inner-section elementor-element elementor-element-7c16a89 elementor-section-boxed elementor-section-height-default elementor-section-height-default\" data-id=\"7c16a89\" data-element_type=\"section\" data-e-type=\"section\" data-settings=\"{&quot;background_background&quot;:&quot;classic&quot;}\">\n\t\t\t\t\t\t<div class=\"elementor-container elementor-column-gap-default\">\n\t\t\t\t\t<div class=\"elementor-column elementor-col-50 elementor-inner-column elementor-element elementor-element-af7fd6a\" data-id=\"af7fd6a\" data-element_type=\"column\" data-e-type=\"column\">\n\t\t\t<div class=\"elementor-widget-wrap elementor-element-populated\">\n\t\t\t\t\t\t<div class=\"elementor-element elementor-element-b9103ed elementor-widget elementor-widget-image\" data-id=\"b9103ed\" data-element_type=\"widget\" data-e-type=\"widget\" data-widget_type=\"image.default\">\n\t\t\t\t<div class=\"elementor-widget-container\">\n\t\t\t\t\t\t\t\t\t\t\t\t\t\t\t<img fetchpriority=\"high\" decoding=\"async\" width=\"599\" height=\"575\" src=\"https:\/\/depodunyasi.com\/wp-content\/uploads\/2024\/01\/MNA.png\" class=\"attachment-full size-full wp-image-102\" alt=\"\" srcset=\"https:\/\/depodunyasi.com\/wp-content\/uploads\/2024\/01\/MNA.png 599w, https:\/\/depodunyasi.com\/wp-content\/uploads\/2024\/01\/MNA-300x288.png 300w\" sizes=\"(max-width: 599px) 100vw, 599px\" \/>\t\t\t\t\t\t\t\t\t\t\t\t\t\t\t<\/div>\n\t\t\t\t<\/div>\n\t\t\t\t\t<\/div>\n\t\t<\/div>\n\t\t\t\t<div class=\"elementor-column elementor-col-50 elementor-inner-column elementor-element elementor-element-521508e\" data-id=\"521508e\" data-element_type=\"column\" data-e-type=\"column\">\n\t\t\t<div class=\"elementor-widget-wrap elementor-element-populated\">\n\t\t\t\t\t\t<div class=\"elementor-element elementor-element-318054a elementor-widget elementor-widget-heading\" data-id=\"318054a\" data-element_type=\"widget\" data-e-type=\"widget\" data-widget_type=\"heading.default\">\n\t\t\t\t<div class=\"elementor-widget-container\">\n\t\t\t\t\t<h2 class=\"elementor-heading-title elementor-size-default\">Depo Kiralama veya Nakliye \u0130\u015fleriniz i\u00e7in Bize Ula\u015f\u0131n<\/h2>\t\t\t\t<\/div>\n\t\t\t\t<\/div>\n\t\t\t\t<div class=\"elementor-element elementor-element-c6e6050 elementor-button-align-stretch elementor-widget elementor-widget-form\" data-id=\"c6e6050\" data-element_type=\"widget\" data-e-type=\"widget\" data-settings=\"{&quot;step_next_label&quot;:&quot;Next&quot;,&quot;step_previous_label&quot;:&quot;Previous&quot;,&quot;button_width&quot;:&quot;100&quot;,&quot;step_type&quot;:&quot;number_text&quot;,&quot;step_icon_shape&quot;:&quot;circle&quot;}\" data-widget_type=\"form.default\">\n\t\t\t\t<div class=\"elementor-widget-container\">\n\t\t\t\t\t\t\t<form class=\"elementor-form\" method=\"post\" name=\"New Form\">\n\t\t\t<input type=\"hidden\" name=\"post_id\" value=\"34\"\/>\n\t\t\t<input type=\"hidden\" name=\"form_id\" value=\"c6e6050\"\/>\n\t\t\t<input type=\"hidden\" name=\"referer_title\" value=\"\" \/>\n\n\t\t\t\n\t\t\t<div class=\"elementor-form-fields-wrapper elementor-labels-\">\n\t\t\t\t\t\t\t\t<div class=\"elementor-field-type-text elementor-field-group elementor-column elementor-field-group-name elementor-col-50\">\n\t\t\t\t\t\t\t\t\t\t\t\t<label for=\"form-field-name\" class=\"elementor-field-label elementor-screen-only\">\n\t\t\t\t\t\t\t\tName\t\t\t\t\t\t\t<\/label>\n\t\t\t\t\t\t\t\t\t\t\t\t\t\t<input size=\"1\" type=\"text\" name=\"form_fields[name]\" id=\"form-field-name\" class=\"elementor-field elementor-size-xs  elementor-field-textual\" placeholder=\"Ad\u0131n\u0131z Soyad\u0131n\u0131z\">\n\t\t\t\t\t\t\t\t\t\t\t<\/div>\n\t\t\t\t\t\t\t\t<div class=\"elementor-field-type-tel elementor-field-group elementor-column elementor-field-group-email elementor-col-50 elementor-field-required\">\n\t\t\t\t\t\t\t\t\t\t\t\t<label for=\"form-field-email\" class=\"elementor-field-label elementor-screen-only\">\n\t\t\t\t\t\t\t\tTelefon Numaran\u0131z\t\t\t\t\t\t\t<\/label>\n\t\t\t\t\t\t\t\t<input size=\"1\" type=\"tel\" name=\"form_fields[email]\" id=\"form-field-email\" class=\"elementor-field elementor-size-xs  elementor-field-textual\" placeholder=\"Telefon Numaran\u0131z\" required=\"required\" pattern=\"[0-9()#&amp;+*-=.]+\" title=\"Only numbers and phone characters (#, -, *, etc) are accepted.\">\n\n\t\t\t\t\t\t<\/div>\n\t\t\t\t\t\t\t\t<div class=\"elementor-field-type-textarea elementor-field-group elementor-column elementor-field-group-message elementor-col-100\">\n\t\t\t\t\t\t\t\t\t\t\t\t<label for=\"form-field-message\" class=\"elementor-field-label elementor-screen-only\">\n\t\t\t\t\t\t\t\tMessage\t\t\t\t\t\t\t<\/label>\n\t\t\t\t\t\t<textarea class=\"elementor-field-textual elementor-field  elementor-size-xs\" name=\"form_fields[message]\" id=\"form-field-message\" rows=\"4\" placeholder=\"Almak istedi\u011finiz hizmeti k\u0131saca a\u00e7\u0131klay\u0131n\u0131z.\"><\/textarea>\t\t\t\t<\/div>\n\t\t\t\t\t\t\t\t<div class=\"elementor-field-group elementor-column elementor-field-type-submit elementor-col-100 e-form__buttons\">\n\t\t\t\t\t<button class=\"elementor-button elementor-size-xs\" type=\"submit\">\n\t\t\t\t\t\t<span class=\"elementor-button-content-wrapper\">\n\t\t\t\t\t\t\t\t\t\t\t\t\t\t\t\t\t\t\t\t\t\t<span class=\"elementor-button-text\">Fiyat Sorunuz<\/span>\n\t\t\t\t\t\t\t\t\t\t\t\t\t<\/span>\n\t\t\t\t\t<\/button>\n\t\t\t\t<\/div>\n\t\t\t<\/div>\n\t\t<\/form>\n\t\t\t\t\t\t<\/div>\n\t\t\t\t<\/div>\n\t\t\t\t\t<\/div>\n\t\t<\/div>\n\t\t\t\t\t<\/div>\n\t\t<\/section>\n\t\t\t\t\t<\/div>\n\t\t<\/div>\n\t\t\t\t\t<\/div>\n\t\t<\/section>\n\t\t\t\t<section class=\"elementor-section elementor-top-section elementor-element elementor-element-a545dea animated-slow elementor-hidden-desktop elementor-hidden-tablet elementor-section-boxed elementor-section-height-default elementor-section-height-default elementor-invisible\" data-id=\"a545dea\" data-element_type=\"section\" data-e-type=\"section\" data-settings=\"{&quot;background_background&quot;:&quot;classic&quot;,&quot;animation&quot;:&quot;slideInRight&quot;,&quot;animation_mobile&quot;:&quot;fadeInDown&quot;}\">\n\t\t\t\t\t\t<div class=\"elementor-container elementor-column-gap-no\">\n\t\t\t\t\t<div class=\"elementor-column elementor-col-100 elementor-top-column elementor-element elementor-element-5e2b235\" data-id=\"5e2b235\" data-element_type=\"column\" data-e-type=\"column\">\n\t\t\t<div class=\"elementor-widget-wrap elementor-element-populated\">\n\t\t\t\t\t\t<section class=\"elementor-section elementor-inner-section elementor-element elementor-element-900c14d elementor-section-boxed elementor-section-height-default elementor-section-height-default\" data-id=\"900c14d\" data-element_type=\"section\" data-e-type=\"section\" data-settings=\"{&quot;background_background&quot;:&quot;classic&quot;}\">\n\t\t\t\t\t\t<div class=\"elementor-container elementor-column-gap-default\">\n\t\t\t\t\t<div class=\"elementor-column elementor-col-33 elementor-inner-column elementor-element elementor-element-7bff876\" data-id=\"7bff876\" data-element_type=\"column\" data-e-type=\"column\">\n\t\t\t<div class=\"elementor-widget-wrap elementor-element-populated\">\n\t\t\t\t\t\t<div class=\"elementor-element elementor-element-508a837 e-transform elementor-widget elementor-widget-image\" data-id=\"508a837\" data-element_type=\"widget\" data-e-type=\"widget\" data-settings=\"{&quot;_transform_rotateZ_effect_mobile&quot;:{&quot;unit&quot;:&quot;deg&quot;,&quot;size&quot;:90,&quot;sizes&quot;:[]},&quot;_transform_rotateZ_effect&quot;:{&quot;unit&quot;:&quot;px&quot;,&quot;size&quot;:&quot;&quot;,&quot;sizes&quot;:[]},&quot;_transform_rotateZ_effect_tablet&quot;:{&quot;unit&quot;:&quot;deg&quot;,&quot;size&quot;:&quot;&quot;,&quot;sizes&quot;:[]}}\" data-widget_type=\"image.default\">\n\t\t\t\t<div class=\"elementor-widget-container\">\n\t\t\t\t\t\t\t\t\t\t\t\t\t\t\t<img fetchpriority=\"high\" decoding=\"async\" width=\"599\" height=\"575\" src=\"https:\/\/depodunyasi.com\/wp-content\/uploads\/2024\/01\/MNA.png\" class=\"attachment-full size-full wp-image-102\" alt=\"\" srcset=\"https:\/\/depodunyasi.com\/wp-content\/uploads\/2024\/01\/MNA.png 599w, https:\/\/depodunyasi.com\/wp-content\/uploads\/2024\/01\/MNA-300x288.png 300w\" sizes=\"(max-width: 599px) 100vw, 599px\" \/>\t\t\t\t\t\t\t\t\t\t\t\t\t\t\t<\/div>\n\t\t\t\t<\/div>\n\t\t\t\t\t<\/div>\n\t\t<\/div>\n\t\t\t\t<div class=\"elementor-column elementor-col-33 elementor-inner-column elementor-element elementor-element-c728dfd\" data-id=\"c728dfd\" data-element_type=\"column\" data-e-type=\"column\">\n\t\t\t<div class=\"elementor-widget-wrap elementor-element-populated\">\n\t\t\t\t\t\t<div class=\"elementor-element elementor-element-bf99345 elementor-widget elementor-widget-heading\" data-id=\"bf99345\" data-element_type=\"widget\" data-e-type=\"widget\" data-widget_type=\"heading.default\">\n\t\t\t\t<div class=\"elementor-widget-container\">\n\t\t\t\t\t<h2 class=\"elementor-heading-title elementor-size-default\">Depo Kiralama veya Nakliye \u0130\u015fleriniz i\u00e7in Bize Ula\u015f\u0131n\u200b<\/h2>\t\t\t\t<\/div>\n\t\t\t\t<\/div>\n\t\t\t\t\t<\/div>\n\t\t<\/div>\n\t\t\t\t<div class=\"elementor-column elementor-col-33 elementor-inner-column elementor-element elementor-element-c0bca9f\" data-id=\"c0bca9f\" data-element_type=\"column\" data-e-type=\"column\">\n\t\t\t<div class=\"elementor-widget-wrap elementor-element-populated\">\n\t\t\t\t\t\t<div class=\"elementor-element elementor-element-c31fa30 elementor-button-align-stretch elementor-widget elementor-widget-form\" data-id=\"c31fa30\" data-element_type=\"widget\" data-e-type=\"widget\" data-settings=\"{&quot;step_next_label&quot;:&quot;Next&quot;,&quot;step_previous_label&quot;:&quot;Previous&quot;,&quot;button_width&quot;:&quot;100&quot;,&quot;step_type&quot;:&quot;number_text&quot;,&quot;step_icon_shape&quot;:&quot;circle&quot;}\" data-widget_type=\"form.default\">\n\t\t\t\t<div class=\"elementor-widget-container\">\n\t\t\t\t\t\t\t<form class=\"elementor-form\" method=\"post\" name=\"New Form\">\n\t\t\t<input type=\"hidden\" name=\"post_id\" value=\"34\"\/>\n\t\t\t<input type=\"hidden\" name=\"form_id\" value=\"c31fa30\"\/>\n\t\t\t<input type=\"hidden\" name=\"referer_title\" value=\"\" \/>\n\n\t\t\t\n\t\t\t<div class=\"elementor-form-fields-wrapper elementor-labels-\">\n\t\t\t\t\t\t\t\t<div class=\"elementor-field-type-text elementor-field-group elementor-column elementor-field-group-name elementor-col-50\">\n\t\t\t\t\t\t\t\t\t\t\t\t<label for=\"form-field-name\" class=\"elementor-field-label elementor-screen-only\">\n\t\t\t\t\t\t\t\tName\t\t\t\t\t\t\t<\/label>\n\t\t\t\t\t\t\t\t\t\t\t\t\t\t<input size=\"1\" type=\"text\" name=\"form_fields[name]\" id=\"form-field-name\" class=\"elementor-field elementor-size-xs  elementor-field-textual\" placeholder=\"Name\">\n\t\t\t\t\t\t\t\t\t\t\t<\/div>\n\t\t\t\t\t\t\t\t<div class=\"elementor-field-type-tel elementor-field-group elementor-column elementor-field-group-email elementor-col-50 elementor-field-required\">\n\t\t\t\t\t\t\t\t\t\t\t\t<label for=\"form-field-email\" class=\"elementor-field-label elementor-screen-only\">\n\t\t\t\t\t\t\t\tTelefon Numaran\u0131z\t\t\t\t\t\t\t<\/label>\n\t\t\t\t\t\t\t\t<input size=\"1\" type=\"tel\" name=\"form_fields[email]\" id=\"form-field-email\" class=\"elementor-field elementor-size-xs  elementor-field-textual\" placeholder=\"Telefon Numaran\u0131z\" required=\"required\" pattern=\"[0-9()#&amp;+*-=.]+\" title=\"Only numbers and phone characters (#, -, *, etc) are accepted.\">\n\n\t\t\t\t\t\t<\/div>\n\t\t\t\t\t\t\t\t<div class=\"elementor-field-type-textarea elementor-field-group elementor-column elementor-field-group-message elementor-col-100\">\n\t\t\t\t\t\t\t\t\t\t\t\t<label for=\"form-field-message\" class=\"elementor-field-label elementor-screen-only\">\n\t\t\t\t\t\t\t\tMessage\t\t\t\t\t\t\t<\/label>\n\t\t\t\t\t\t<textarea class=\"elementor-field-textual elementor-field  elementor-size-xs\" name=\"form_fields[message]\" id=\"form-field-message\" rows=\"4\" placeholder=\"Almak istedi\u011finiz hizmeti k\u0131saca a\u00e7\u0131klay\u0131n\u0131z.\"><\/textarea>\t\t\t\t<\/div>\n\t\t\t\t\t\t\t\t<div class=\"elementor-field-group elementor-column elementor-field-type-submit elementor-col-100 e-form__buttons\">\n\t\t\t\t\t<button class=\"elementor-button elementor-size-xs\" type=\"submit\">\n\t\t\t\t\t\t<span class=\"elementor-button-content-wrapper\">\n\t\t\t\t\t\t\t\t\t\t\t\t\t\t\t\t\t\t\t\t\t\t<span class=\"elementor-button-text\">Fiyat Sorunuz<\/span>\n\t\t\t\t\t\t\t\t\t\t\t\t\t<\/span>\n\t\t\t\t\t<\/button>\n\t\t\t\t<\/div>\n\t\t\t<\/div>\n\t\t<\/form>\n\t\t\t\t\t\t<\/div>\n\t\t\t\t<\/div>\n\t\t\t\t\t<\/div>\n\t\t<\/div>\n\t\t\t\t\t<\/div>\n\t\t<\/section>\n\t\t\t\t\t<\/div>\n\t\t<\/div>\n\t\t\t\t\t<\/div>\n\t\t<\/section>\n\t\t\t\t<section class=\"elementor-section elementor-top-section elementor-element elementor-element-be23218 elementor-section-boxed elementor-section-height-default elementor-section-height-default\" data-id=\"be23218\" data-element_type=\"section\" data-e-type=\"section\">\n\t\t\t\t\t\t<div class=\"elementor-container elementor-column-gap-default\">\n\t\t\t\t\t<div class=\"elementor-column elementor-col-100 elementor-top-column elementor-element elementor-element-9565923\" data-id=\"9565923\" data-element_type=\"column\" data-e-type=\"column\">\n\t\t\t<div class=\"elementor-widget-wrap elementor-element-populated\">\n\t\t\t\t\t\t<div class=\"elementor-element elementor-element-fca30ba elementor-widget elementor-widget-heading\" data-id=\"fca30ba\" data-element_type=\"widget\" data-e-type=\"widget\" data-widget_type=\"heading.default\">\n\t\t\t\t<div class=\"elementor-widget-container\">\n\t\t\t\t\t<h2 class=\"elementor-heading-title elementor-size-default\">\u0130leti\u015fim Bilgileri<\/h2>\t\t\t\t<\/div>\n\t\t\t\t<\/div>\n\t\t\t\t<section class=\"elementor-section elementor-inner-section elementor-element elementor-element-bcbf7f7 elementor-section-boxed elementor-section-height-default elementor-section-height-default\" data-id=\"bcbf7f7\" data-element_type=\"section\" data-e-type=\"section\">\n\t\t\t\t\t\t<div class=\"elementor-container elementor-column-gap-default\">\n\t\t\t\t\t<div class=\"elementor-column elementor-col-33 elementor-inner-column elementor-element elementor-element-beadf32\" data-id=\"beadf32\" data-element_type=\"column\" data-e-type=\"column\">\n\t\t\t<div class=\"elementor-widget-wrap elementor-element-populated\">\n\t\t\t\t\t\t<div class=\"elementor-element elementor-element-e8d58f4 elementor-icon-list--layout-inline elementor-align-start elementor-list-item-link-full_width elementor-widget elementor-widget-icon-list\" data-id=\"e8d58f4\" data-element_type=\"widget\" data-e-type=\"widget\" data-widget_type=\"icon-list.default\">\n\t\t\t\t<div class=\"elementor-widget-container\">\n\t\t\t\t\t\t\t<ul class=\"elementor-icon-list-items elementor-inline-items\">\n\t\t\t\t\t\t\t<li class=\"elementor-icon-list-item elementor-inline-item\">\n\t\t\t\t\t\t\t\t\t\t\t<span class=\"elementor-icon-list-icon\">\n\t\t\t\t\t\t\t<svg xmlns=\"http:\/\/www.w3.org\/2000\/svg\" height=\"512\" viewBox=\"0 0 128 128\" width=\"512\"><g><path d=\"m78.777 37.021a14.777 14.777 0 1 0 -14.777 14.779 14.795 14.795 0 0 0 14.777-14.779zm-26.054 0a11.277 11.277 0 1 1 11.277 11.279 11.29 11.29 0 0 1 -11.277-11.279z\"><\/path><path d=\"m123.328 121.069-14.266-37.4a1.751 1.751 0 0 0 -1.635-1.126h-27c.165-.269.329-.53.494-.8 10.389-17.2 15.617-32.246 15.542-44.714a32.464 32.464 0 0 0 -64.928-.011c-.075 12.479 5.153 27.527 15.542 44.725.165.273.329.534.494.8h-27a1.751 1.751 0 0 0 -1.635 1.126l-14.264 37.4a1.748 1.748 0 0 0 1.635 2.374h115.386a1.748 1.748 0 0 0 1.635-2.374zm-88.292-84.048a28.964 28.964 0 1 1 57.928.01c.15 24.858-23.09 55.517-28.964 62.869-5.874-7.349-29.115-38-28.964-62.879zm27.631 66.779a1.75 1.75 0 0 0 2.666 0 185.716 185.716 0 0 0 12.9-17.759h27.987l2.24 5.875-54.691 19.451-19.494-25.329h15.49a185.716 185.716 0 0 0 12.902 17.762zm-8.959 11.3h.01l32.627-11.6 12.655 16.443h-58.9zm-31.93-29.062h8.08l20.442 26.562-20.643 7.342h-20.81zm81.643 33.905-13.609-17.682 19.9-7.077 9.443 24.759z\"><\/path><\/g><\/svg>\t\t\t\t\t\t<\/span>\n\t\t\t\t\t\t\t\t\t\t<span class=\"elementor-icon-list-text\">Konac\u0131k Mh. Gazderesi Cd. <br>No: 25\/2 Bodrum \u2022 Mu\u011fla <\/span>\n\t\t\t\t\t\t\t\t\t<\/li>\n\t\t\t\t\t\t<\/ul>\n\t\t\t\t\t\t<\/div>\n\t\t\t\t<\/div>\n\t\t\t\t\t<\/div>\n\t\t<\/div>\n\t\t\t\t<div class=\"elementor-column elementor-col-33 elementor-inner-column elementor-element elementor-element-91db200\" data-id=\"91db200\" data-element_type=\"column\" data-e-type=\"column\">\n\t\t\t<div class=\"elementor-widget-wrap elementor-element-populated\">\n\t\t\t\t\t\t<div class=\"elementor-element elementor-element-8330b02 elementor-icon-list--layout-inline elementor-align-start elementor-list-item-link-full_width elementor-widget elementor-widget-icon-list\" data-id=\"8330b02\" data-element_type=\"widget\" data-e-type=\"widget\" data-widget_type=\"icon-list.default\">\n\t\t\t\t<div class=\"elementor-widget-container\">\n\t\t\t\t\t\t\t<ul class=\"elementor-icon-list-items elementor-inline-items\">\n\t\t\t\t\t\t\t<li class=\"elementor-icon-list-item elementor-inline-item\">\n\t\t\t\t\t\t\t\t\t\t\t<span class=\"elementor-icon-list-icon\">\n\t\t\t\t\t\t\t<svg xmlns=\"http:\/\/www.w3.org\/2000\/svg\" xmlns:xlink=\"http:\/\/www.w3.org\/1999\/xlink\" id=\"Capa_1\" x=\"0px\" y=\"0px\" viewBox=\"0 0 512 512\" style=\"enable-background:new 0 0 512 512;\" xml:space=\"preserve\"><g>\t<g>\t\t<g>\t\t\t<path d=\"M358.457,345.045c-11.904-11.904-32.661-11.925-44.565,0l-38.037,38.016c-3.392,3.392-9.173,4.011-13.013,1.365    c-53.077-36.736-98.645-82.283-135.403-135.36c-2.709-3.925-2.133-9.515,1.365-13.013l38.037-38.016    c5.952-5.952,9.237-13.867,9.237-22.272c0-8.427-3.285-16.341-9.237-22.272l-58.965-58.944    c-11.925-11.861-32.661-11.883-44.565,0l-29.483,29.483c-5.355,5.355-10.24,11.285-14.464,17.643    c-23.061,34.453-25.685,80.576-6.72,117.44c21.355,41.515,53.12,85.781,89.451,124.608    c30.635,32.725,65.195,61.696,102.699,86.08l5.269,3.435C237.881,491.413,269.391,512,305.892,512c0.021,0,0.64,0,0.661,0    c30.272-0.213,59.925-12.587,81.344-34.005l29.504-29.461c12.267-12.288,12.267-32.277,0-44.565L358.457,345.045z     M402.319,433.451l-29.483,29.461c-17.472,17.472-41.685,27.584-66.411,27.755l-0.512,10.667v-10.667    c-30.144,0-57.6-17.941-84.16-35.285l-5.312-3.477c-36.075-23.445-69.312-51.285-98.752-82.752    c-35.029-37.419-65.579-79.957-86.059-119.787c-15.488-30.101-13.355-67.712,5.461-95.851c3.477-5.184,7.445-10.027,11.819-14.4    l29.483-29.461c1.92-1.92,4.48-2.987,7.211-2.987s5.291,1.067,7.189,2.987l58.965,58.944c1.92,1.92,2.987,4.459,2.987,7.189    c0,2.731-1.067,5.269-2.987,7.189l-38.037,38.016c-10.859,10.859-12.459,27.776-3.84,40.235    c38.229,55.189,85.589,102.549,140.8,140.757c5.205,3.605,11.328,5.504,17.707,5.504c8.405,0,16.619-3.413,22.549-9.344    l38.037-38.016c3.861-3.861,10.539-3.861,14.4,0l58.944,58.923C406.287,423.019,406.287,429.483,402.319,433.451z\"><\/path>\t\t\t<path d=\"M298.617,0c-5.888,0-10.667,4.779-10.667,10.667s4.779,10.667,10.667,10.667c105.856,0,192,86.144,192,192    c0,5.888,4.779,10.667,10.667,10.667c5.888,0,10.667-4.779,10.667-10.667C511.951,95.701,416.249,0,298.617,0z\"><\/path>\t\t\t<path d=\"M298.617,64c-5.888,0-10.667,4.779-10.667,10.667s4.779,10.667,10.667,10.667c70.592,0,128,57.408,128,128    c0,5.888,4.779,10.667,10.667,10.667c5.888,0,10.667-4.779,10.667-10.667C447.951,130.987,380.964,64,298.617,64z\"><\/path>\t\t\t<path d=\"M362.617,213.333c0,5.888,4.779,10.667,10.667,10.667c5.888,0,10.667-4.779,10.667-10.667    c0-47.061-38.272-85.333-85.333-85.333c-5.888,0-10.667,4.779-10.667,10.667s4.779,10.667,10.667,10.667    C333.903,149.333,362.617,178.048,362.617,213.333z\"><\/path>\t\t<\/g>\t<\/g><\/g><g><\/g><g><\/g><g><\/g><g><\/g><g><\/g><g><\/g><g><\/g><g><\/g><g><\/g><g><\/g><g><\/g><g><\/g><g><\/g><g><\/g><g><\/g><\/svg>\t\t\t\t\t\t<\/span>\n\t\t\t\t\t\t\t\t\t\t<span class=\"elementor-icon-list-text\">0(532) 015 59 48 <br>  0(532) 433 38 42 <br> 0(850) 307 57 77<\/span>\n\t\t\t\t\t\t\t\t\t<\/li>\n\t\t\t\t\t\t<\/ul>\n\t\t\t\t\t\t<\/div>\n\t\t\t\t<\/div>\n\t\t\t\t\t<\/div>\n\t\t<\/div>\n\t\t\t\t<div class=\"elementor-column elementor-col-33 elementor-inner-column elementor-element elementor-element-ea44941\" data-id=\"ea44941\" data-element_type=\"column\" data-e-type=\"column\">\n\t\t\t<div class=\"elementor-widget-wrap elementor-element-populated\">\n\t\t\t\t\t\t<div class=\"elementor-element elementor-element-633783a elementor-icon-list--layout-inline elementor-align-start elementor-list-item-link-full_width elementor-widget elementor-widget-icon-list\" data-id=\"633783a\" data-element_type=\"widget\" data-e-type=\"widget\" data-widget_type=\"icon-list.default\">\n\t\t\t\t<div class=\"elementor-widget-container\">\n\t\t\t\t\t\t\t<ul class=\"elementor-icon-list-items elementor-inline-items\">\n\t\t\t\t\t\t\t<li class=\"elementor-icon-list-item elementor-inline-item\">\n\t\t\t\t\t\t\t\t\t\t\t<span class=\"elementor-icon-list-icon\">\n\t\t\t\t\t\t\t<svg xmlns=\"http:\/\/www.w3.org\/2000\/svg\" id=\"Layer_1\" height=\"512\" viewBox=\"0 0 100 100\" width=\"512\"><path d=\"m87 24h-62c-4.4 0-8 3.6-8 8v3c0 1.1.9 2 2 2s2-.9 2-2v-3c0-.4.1-.8.2-1.2l22.4 19.2-22.4 19.2c-.1-.4-.2-.8-.2-1.2v-3c0-1.1-.9-2-2-2s-2 .9-2 2v3c0 4.4 3.6 8 8 8h62c4.4 0 8-3.6 8-8v-36c0-4.4-3.6-8-8-8zm-62.8 4.1c.2-.1.5-.1.8-.1h62c.3 0 .6 0 .8.1l-30.5 26.1c-.8.6-1.8.6-2.6 0zm62.8 43.9h-62c-.3 0-.6 0-.8-.1l22.5-19.3 5.4 4.7c1.1 1 2.5 1.5 3.9 1.5s2.8-.5 3.9-1.5l5.4-4.7 22.5 19.3c-.2.1-.5.1-.8.1zm4-4c0 .4-.1.8-.2 1.2l-22.4-19.2 22.4-19.2c.1.4.2.8.2 1.2zm-80-23c0-1.1.9-2 2-2h12c1.1 0 2 .9 2 2s-.9 2-2 2h-12c-1.1 0-2-.9-2-2zm14 12h-18c-1.1 0-2-.9-2-2s.9-2 2-2h18c1.1 0 2 .9 2 2s-.9 2-2 2z\"><\/path><\/svg>\t\t\t\t\t\t<\/span>\n\t\t\t\t\t\t\t\t\t\t<span class=\"elementor-icon-list-text\">info@deposunyasi.com<\/span>\n\t\t\t\t\t\t\t\t\t<\/li>\n\t\t\t\t\t\t<\/ul>\n\t\t\t\t\t\t<\/div>\n\t\t\t\t<\/div>\n\t\t\t\t\t<\/div>\n\t\t<\/div>\n\t\t\t\t\t<\/div>\n\t\t<\/section>\n\t\t\t\t\t<\/div>\n\t\t<\/div>\n\t\t\t\t\t<\/div>\n\t\t<\/section>\n\t\t\t\t<section class=\"elementor-section elementor-top-section elementor-element elementor-element-61fa907 elementor-section-boxed elementor-section-height-default elementor-section-height-default\" data-id=\"61fa907\" data-element_type=\"section\" data-e-type=\"section\">\n\t\t\t\t\t\t<div class=\"elementor-container elementor-column-gap-default\">\n\t\t\t\t\t<div class=\"elementor-column elementor-col-100 elementor-top-column elementor-element elementor-element-b170b6f\" data-id=\"b170b6f\" data-element_type=\"column\" data-e-type=\"column\">\n\t\t\t<div class=\"elementor-widget-wrap elementor-element-populated\">\n\t\t\t\t\t\t<div class=\"elementor-element elementor-element-1deaabe elementor-widget elementor-widget-image\" data-id=\"1deaabe\" data-element_type=\"widget\" data-e-type=\"widget\" data-widget_type=\"image.default\">\n\t\t\t\t<div class=\"elementor-widget-container\">\n\t\t\t\t\t\t\t\t\t\t\t\t\t\t\t<img decoding=\"async\" width=\"1600\" height=\"900\" src=\"https:\/\/depodunyasi.com\/wp-content\/uploads\/2024\/01\/dada.jpg\" class=\"attachment-full size-full wp-image-182\" alt=\"\" srcset=\"https:\/\/depodunyasi.com\/wp-content\/uploads\/2024\/01\/dada.jpg 1600w, https:\/\/depodunyasi.com\/wp-content\/uploads\/2024\/01\/dada-300x169.jpg 300w, https:\/\/depodunyasi.com\/wp-content\/uploads\/2024\/01\/dada-1024x576.jpg 1024w, https:\/\/depodunyasi.com\/wp-content\/uploads\/2024\/01\/dada-768x432.jpg 768w, https:\/\/depodunyasi.com\/wp-content\/uploads\/2024\/01\/dada-1536x864.jpg 1536w\" sizes=\"(max-width: 1600px) 100vw, 1600px\" \/>\t\t\t\t\t\t\t\t\t\t\t\t\t\t\t<\/div>\n\t\t\t\t<\/div>\n\t\t\t\t\t<\/div>\n\t\t<\/div>\n\t\t\t\t\t<\/div>\n\t\t<\/section>\n\t\t\t\t<\/div>\n\t\t","protected":false},"excerpt":{"rendered":"<p>Depo Kiralama veya Nakliye \u0130\u015fleriniz i\u00e7in Bize Ula\u015f\u0131n Depo Kiralama veya Nakliye \u0130\u015fleriniz i\u00e7in Bize Ula\u015f\u0131n\u200b \u0130leti\u015fim Bilgileri Konac\u0131k Mh. Gazderesi Cd. No: 25\/2 Bodrum \u2022 Mu\u011fla 0(532) 015 59&#8230;<\/p>\n","protected":false},"author":1,"featured_media":0,"parent":0,"menu_order":0,"comment_status":"closed","ping_status":"closed","template":"elementor_header_footer","meta":{"footnotes":""},"class_list":["post-34","page","type-page","status-publish"],"_links":{"self":[{"href":"https:\/\/depodunyasi.com\/index.php\/wp-json\/wp\/v2\/pages\/34","targetHints":{"allow":["GET"]}}],"collection":[{"href":"https:\/\/depodunyasi.com\/index.php\/wp-json\/wp\/v2\/pages"}],"about":[{"href":"https:\/\/depodunyasi.com\/index.php\/wp-json\/wp\/v2\/types\/page"}],"author":[{"embeddable":true,"href":"https:\/\/depodunyasi.com\/index.php\/wp-json\/wp\/v2\/users\/1"}],"replies":[{"embeddable":true,"href":"https:\/\/depodunyasi.com\/index.php\/wp-json\/wp\/v2\/comments?post=34"}],"version-history":[{"count":28,"href":"https:\/\/depodunyasi.com\/index.php\/wp-json\/wp\/v2\/pages\/34\/revisions"}],"predecessor-version":[{"id":317,"href":"https:\/\/depodunyasi.com\/index.php\/wp-json\/wp\/v2\/pages\/34\/revisions\/317"}],"wp:attachment":[{"href":"https:\/\/depodunyasi.com\/index.php\/wp-json\/wp\/v2\/media?parent=34"}],"curies":[{"name":"wp","href":"https:\/\/api.w.org\/{rel}","templated":true}]}}